{"id":14007,"date":"2021-03-16T17:20:26","date_gmt":"2021-03-16T17:20:26","guid":{"rendered":"https:\/\/kekoa-dev.ch\/dachzeltmomente\/?post_type=product&#038;p=14007"},"modified":"2021-03-23T17:32:54","modified_gmt":"2021-03-23T17:32:54","slug":"ikamper-windabweiser","status":"publish","type":"product","link":"https:\/\/kekoa-dev.ch\/dachzeltmomente\/produkt\/ikamper-windabweiser\/","title":{"rendered":"IKamper Windabweiser"},"content":{"rendered":"<p>[et_pb_section fb_built=&#8220;1&#8243; fullwidth=&#8220;on&#8220; _builder_version=&#8220;4.4.8&#8243;][et_pb_fullwidth_post_title meta=&#8220;off&#8220; featured_image=&#8220;off&#8220; _builder_version=&#8220;4.4.8&#8243; title_text_color=&#8220;#ffffff&#8220; title_font_size=&#8220;50px&#8220; use_background_color_gradient=&#8220;on&#8220; background_color_gradient_start=&#8220;#000a09&#8243; background_color_gradient_end=&#8220;rgba(43,135,218,0)&#8220; background_color_gradient_direction=&#8220;1deg&#8220; background_color_gradient_overlays_image=&#8220;on&#8220; background_image=&#8220;https:\/\/kekoa-dev.ch\/dachzeltmomente\/wp-content\/uploads\/2021\/02\/bild-showroom.jpg&#8220; text_orientation=&#8220;center&#8220; min_height=&#8220;340.8px&#8220; custom_padding=&#8220;7vw||7vw||false|false&#8220; title_text_shadow_style=&#8220;preset1&#8243;][\/et_pb_fullwidth_post_title][\/et_pb_section][et_pb_section fb_built=&#8220;1&#8243; _builder_version=&#8220;4.9.0&#8243; background_color=&#8220;rgba(193,193,170,0.27)&#8220; custom_margin=&#8220;-7px|||||&#8220; custom_padding=&#8220;22px||0px|||&#8220; collapsed=&#8220;off&#8220;][et_pb_row _builder_version=&#8220;4.4.8&#8243; custom_margin=&#8220;-30px||||false|false&#8220; custom_padding=&#8220;||0px|||&#8220;][et_pb_column type=&#8220;4_4&#8243; _builder_version=&#8220;4.4.8&#8243;][et_pb_divider color=&#8220;#474747&#8243; _builder_version=&#8220;4.4.8&#8243; custom_margin=&#8220;-13px||-3px|||&#8220;][\/et_pb_divider][et_pb_social_media_follow _builder_version=&#8220;4.9.1&#8243; text_orientation=&#8220;right&#8220; custom_padding=&#8220;||0px|||&#8220;][et_pb_social_media_follow_network social_network=&#8220;facebook&#8220; url=&#8220;https:\/\/www.facebook.com\/dachzeltmomente&#8220; _builder_version=&#8220;4.9.1&#8243; background_color=&#8220;#7f674d&#8220; background_enable_color=&#8220;on&#8220; follow_button=&#8220;off&#8220; url_new_window=&#8220;on&#8220;]facebook[\/et_pb_social_media_follow_network][et_pb_social_media_follow_network social_network=&#8220;instagram&#8220; url=&#8220;https:\/\/www.instagram.com\/dachzelt_momente\/&#8220; _builder_version=&#8220;4.9.1&#8243; background_color=&#8220;#918d75&#8243; background_enable_color=&#8220;on&#8220; follow_button=&#8220;off&#8220; url_new_window=&#8220;on&#8220;]instagram[\/et_pb_social_media_follow_network][\/et_pb_social_media_follow][\/et_pb_column][\/et_pb_row][et_pb_row _builder_version=&#8220;4.4.8&#8243; background_enable_color=&#8220;off&#8220; custom_padding=&#8220;1px||23px|||&#8220; collapsed=&#8220;on&#8220;][et_pb_column type=&#8220;4_4&#8243; _builder_version=&#8220;4.4.8&#8243;][et_pb_menu menu_style=&#8220;centered&#8220; show_cart_icon=&#8220;on&#8220; show_search_icon=&#8220;on&#8220; cart_icon_color=&#8220;#474747&#8243; search_icon_color=&#8220;#474747&#8243; menu_icon_color=&#8220;#474747&#8243; cart_icon_font_size=&#8220;20px&#8220; search_icon_font_size=&#8220;18px&#8220; admin_label=&#8220;Menu-1&#8243; _builder_version=&#8220;4.4.8&#8243; menu_font=&#8220;Amatic SC|700|||||||&#8220; menu_font_size=&#8220;35px&#8220; menu_letter_spacing=&#8220;1px&#8220; background_enable_color=&#8220;off&#8220; custom_margin=&#8220;-39px||16px||false|false&#8220;][\/et_pb_menu][et_pb_divider color=&#8220;#474747&#8243; _builder_version=&#8220;4.4.8&#8243; min_height=&#8220;27px&#8220; custom_margin=&#8220;||-26px|||&#8220; custom_padding=&#8220;||0px|||&#8220;][\/et_pb_divider][\/et_pb_column][\/et_pb_row][\/et_pb_section][et_pb_section fb_built=&#8220;1&#8243; _builder_version=&#8220;4.9.0&#8243; background_color=&#8220;rgba(193,193,170,0.27)&#8220; custom_margin=&#8220;||0px||false|false&#8220; custom_padding=&#8220;0px||0px||false|false&#8220;][et_pb_row _builder_version=&#8220;4.4.8&#8243; custom_padding=&#8220;0px||0px|||&#8220;][et_pb_column type=&#8220;4_4&#8243; _builder_version=&#8220;4.4.8&#8243;][et_pb_wc_cart_notice admin_label=&#8220;Warenkorb Hinweis&#8220; _builder_version=&#8220;4.9.0&#8243; body_font=&#8220;Poppins||||||||&#8220; body_text_color=&#8220;#3b484f&#8220; background_color=&#8220;#DDD2BE&#8220; background_enable_image=&#8220;off&#8220; parallax=&#8220;on&#8220; custom_button=&#8220;on&#8220; button_text_size=&#8220;14px&#8220; button_text_color=&#8220;#ffffff&#8220; button_bg_color=&#8220;#897b65&#8243; button_border_color=&#8220;#897b65&#8243; button_border_radius=&#8220;0px&#8220; button_font=&#8220;Poppins||||||||&#8220; button_icon=&#8220;%%242%%&#8220; button_icon_placement=&#8220;left&#8220; button_on_hover=&#8220;off&#8220; button_custom_padding=&#8220;|||23px|false|false&#8220; custom_margin=&#8220;0em|0em|0em|0em|false|false&#8220;][\/et_pb_wc_cart_notice][\/et_pb_column][\/et_pb_row][\/et_pb_section][et_pb_section fb_built=&#8220;1&#8243; _builder_version=&#8220;4.9.2&#8243; _module_preset=&#8220;default&#8220; background_color=&#8220;rgba(193,193,170,0.27)&#8220; custom_margin=&#8220;||0px||false|false&#8220; custom_padding=&#8220;||0px|||&#8220;][et_pb_row column_structure=&#8220;1_2,1_2&#8243; _builder_version=&#8220;4.9.0&#8243; _module_preset=&#8220;default&#8220; min_height=&#8220;606px&#8220; custom_padding=&#8220;||0px|||&#8220;][et_pb_column type=&#8220;1_2&#8243; _builder_version=&#8220;4.9.0&#8243; _module_preset=&#8220;default&#8220;][et_pb_wc_title admin_label=&#8220;Produkt Titel&#8220; _builder_version=&#8220;4.9.0&#8243; custom_padding=&#8220;||2px|||&#8220;][\/et_pb_wc_title][et_pb_wc_images admin_label=&#8220;Produkt Bild&#8220; _builder_version=&#8220;4.9.0&#8243; min_height=&#8220;439px&#8220; custom_margin=&#8220;|||5px|false|false&#8220; custom_padding=&#8220;31px|||||&#8220;][\/et_pb_wc_images][\/et_pb_column][et_pb_column type=&#8220;1_2&#8243; _builder_version=&#8220;4.9.0&#8243; _module_preset=&#8220;default&#8220;][et_pb_text _builder_version=&#8220;4.9.2&#8243; _module_preset=&#8220;default&#8220; min_height=&#8220;82.5px&#8220; hover_enabled=&#8220;0&#8243; disabled_on=&#8220;on|off|off&#8220; sticky_enabled=&#8220;0&#8243;]<\/p>\n<p>&nbsp;<\/p>\n<p>&nbsp;<\/p>\n<p>[\/et_pb_text][et_pb_wc_description admin_label=&#8220;Produkt Beschreibung&#8220; _builder_version=&#8220;4.9.1&#8243; min_height=&#8220;0px&#8220;][\/et_pb_wc_description][et_pb_wc_price admin_label=&#8220;Woo Preis&#8220; _builder_version=&#8220;4.9.1&#8243; _module_preset=&#8220;default&#8220; body_text_color=&#8220;#9BA685&#8243; body_font_size=&#8220;20px&#8220;][\/et_pb_wc_price][et_pb_wc_add_to_cart show_quantity_last_edited=&#8220;off|desktop&#8220; admin_label=&#8220;Warenkorb Button&#8220; _builder_version=&#8220;4.9.0&#8243; body_font=&#8220;Poppins|600||on|||||&#8220; dropdown_menus_font=&#8220;Poppins|300|||||||&#8220; dropdown_menus_font_size=&#8220;14px&#8220; custom_button=&#8220;on&#8220; button_text_size=&#8220;14px&#8220; button_text_color=&#8220;#ffffff&#8220; button_bg_color=&#8220;#897b65&#8243; button_border_width=&#8220;8px&#8220; button_border_color=&#8220;#897b65&#8243; button_border_radius=&#8220;0px&#8220; button_letter_spacing=&#8220;2px&#8220; button_font=&#8220;Poppins|600||on|||||&#8220; button_icon=&#8220;%%242%%&#8220; button_icon_placement=&#8220;left&#8220; button_on_hover=&#8220;off&#8220; button_custom_margin=&#8220;|||0px|false|false&#8220; button_custom_padding=&#8220;|||23px|false|false&#8220; border_radii_fields=&#8220;on|0px|0px|0px|0px&#8220; show_quantity__hover_enabled=&#8220;off|desktop&#8220;][\/et_pb_wc_add_to_cart][\/et_pb_column][\/et_pb_row][\/et_pb_section][et_pb_section fb_built=&#8220;1&#8243; _builder_version=&#8220;4.9.2&#8243; background_color=&#8220;rgba(193,193,170,0.27)&#8220; custom_margin=&#8220;0px||0px||true|false&#8220; custom_padding=&#8220;0px|||||&#8220;][et_pb_row _builder_version=&#8220;4.4.8&#8243; min_height=&#8220;682.4px&#8220;][et_pb_column type=&#8220;4_4&#8243; _builder_version=&#8220;4.4.8&#8243;][et_pb_wc_related_products product=&#8220;193&#8243; admin_label=&#8220;verwandte Produkte&#8220; _builder_version=&#8220;4.9.0&#8243; min_height=&#8220;497.4px&#8220;][\/et_pb_wc_related_products][\/et_pb_column][\/et_pb_row][\/et_pb_section]<\/p>\n","protected":false},"excerpt":{"rendered":"<p style=\"text-align: left;\">Verbessert die Aerodynamik und l\u00e4sst somit auch das Sparschwein an der Tankstelle lachen. Zus\u00e4tzlich sorgt es f\u00fcr eine ruhigere Fahrt unterwegs, weil der Str\u00f6mungswiederstand minimiert wird. Der Windabweiser wird an den Schienen unter dem Skycamp oder X-Cover befestigt und schont mit den Gummipuffern dein Autodach.<\/p>\n","protected":false},"featured_media":13321,"template":"","meta":{"_et_pb_use_builder":"on","_et_pb_old_content":"","_et_gb_content_width":""},"class_list":["post-14007","product","type-product","status-publish","has-post-thumbnail","hentry","product_cat-dachzeltzubehoer","product_tag-windabweiser","product_shipping_class-sperrgut-post"],"_links":{"self":[{"href":"https:\/\/kekoa-dev.ch\/dachzeltmomente\/wp-json\/wp\/v2\/product\/14007","targetHints":{"allow":["GET"]}}],"collection":[{"href":"https:\/\/kekoa-dev.ch\/dachzeltmomente\/wp-json\/wp\/v2\/product"}],"about":[{"href":"https:\/\/kekoa-dev.ch\/dachzeltmomente\/wp-json\/wp\/v2\/types\/product"}],"wp:featuredmedia":[{"embeddable":true,"href":"https:\/\/kekoa-dev.ch\/dachzeltmomente\/wp-json\/wp\/v2\/media\/13321"}],"wp:attachment":[{"href":"https:\/\/kekoa-dev.ch\/dachzeltmomente\/wp-json\/wp\/v2\/media?parent=14007"}],"curies":[{"name":"wp","href":"https:\/\/api.w.org\/{rel}","templated":true}]}}